{"id":1295,"date":"2022-09-23T15:29:19","date_gmt":"2022-09-23T15:29:19","guid":{"rendered":"https:\/\/www.guerdypreval.com\/gallery\/product\/hoodie-with-logo\/"},"modified":"2022-09-26T00:25:20","modified_gmt":"2022-09-26T00:25:20","slug":"hoodie-with-logo","status":"publish","type":"product","link":"https:\/\/www.guerdypreval.com\/gallery\/product\/hoodie-with-logo\/","title":{"rendered":"l\u2019Histoire d\u2019Ha\u00efti la n\u00f4tre"},"content":{"rendered":"<p><strong> l\u2019Histoire d\u2019Ha\u00efti la n\u00f4tre revue, corrig\u00e9e, augment\u00e9e<\/strong><\/p>\n<p><em><strong>De l\u2019<u>Atlantide <\/u>aux gouvernements d\u2019Exception<u> et de d\u00e9ception \u00e0 Ariel<\/u> <u>Henry<\/u>,\u2026Elle met en lumi\u00e8re des points d\u2019Histoire in\u00e9dite et permet une meilleure compr\u00e9hension d\u2019Ha\u00efti comme Nation&#8230;, et de Nous\u2026 comme peuple.<\/strong><\/em><\/p>\n<p>&nbsp;<\/p>\n","protected":false},"excerpt":{"rendered":"<p><strong>l\u2019<em>Histoire d\u2019Ha\u00efti la n\u00f4tre<\/em>,<\/strong><\/p>\n","protected":false},"featured_media":1296,"template":"","meta":{"nf_dc_page":""},"product_brand":[],"product_cat":[29],"product_tag":[],"class_list":{"0":"post-1295","1":"product","2":"type-product","3":"status-publish","4":"has-post-thumbnail","6":"product_cat-books-livres","8":"first","9":"instock","10":"shipping-taxable","11":"purchasable","12":"product-type-simple"},"jetpack_sharing_enabled":true,"_links":{"self":[{"href":"https:\/\/www.guerdypreval.com\/gallery\/wp-json\/wp\/v2\/product\/1295","targetHints":{"allow":["GET"]}}],"collection":[{"href":"https:\/\/www.guerdypreval.com\/gallery\/wp-json\/wp\/v2\/product"}],"about":[{"href":"https:\/\/www.guerdypreval.com\/gallery\/wp-json\/wp\/v2\/types\/product"}],"wp:featuredmedia":[{"embeddable":true,"href":"https:\/\/www.guerdypreval.com\/gallery\/wp-json\/wp\/v2\/media\/1296"}],"wp:attachment":[{"href":"https:\/\/www.guerdypreval.com\/gallery\/wp-json\/wp\/v2\/media?parent=1295"}],"wp:term":[{"taxonomy":"product_brand","embeddable":true,"href":"https:\/\/www.guerdypreval.com\/gallery\/wp-json\/wp\/v2\/product_brand?post=1295"},{"taxonomy":"product_cat","embeddable":true,"href":"https:\/\/www.guerdypreval.com\/gallery\/wp-json\/wp\/v2\/product_cat?post=1295"},{"taxonomy":"product_tag","embeddable":true,"href":"https:\/\/www.guerdypreval.com\/gallery\/wp-json\/wp\/v2\/product_tag?post=1295"}],"curies":[{"name":"wp","href":"https:\/\/api.w.org\/{rel}","templated":true}]}}