{"id":36,"date":"2012-06-11T22:42:47","date_gmt":"2012-06-11T22:42:47","guid":{"rendered":"http:\/\/www.guerdypreval.com\/gallery\/?page_id=36"},"modified":"2020-12-03T03:34:33","modified_gmt":"2020-12-03T03:34:33","slug":"a-propos-de-lartiste","status":"publish","type":"page","link":"https:\/\/www.guerdypreval.com\/gallery\/home-page\/a-propos-de-lartiste\/","title":{"rendered":"L&#8217;Artiste"},"content":{"rendered":"<p>N\u00e9 \u00e0 Port-au-Prince, Guerdy Jacques Pr\u00e9val est l&#8217;un des plus grands artistes peintres ha\u00eftiens contemporains. Il a eu le privil\u00e8ge d&#8217;exposer ses \u0153uvres \u00e0 travers le monde, en particulier \u00e0 Hong Kong, Paris, Venise, Montr\u00e9al, Toronto, New York, Miami, Boston, Port-au-Prince et Lagos.<\/p>\n<p>Ses \u0153uvres ont fait l\u2019objet de plusieurs publications, notamment dans le guide des arts visuels canadien, &#8220;le Guide Vall\u00e9e&#8221;.<\/p>\n<p>Les peintures de Guerdy J. Pr\u00e9val sont emplies de signes, de courbes, d&#8217;arcs et de traces qui cherchent \u00e0 cerner les principes de force et de fragilit\u00e9 de l&#8217;\u00eatre humain. Ces derni\u00e8res sugg\u00e8rent des pr\u00e9sences aux sensibilit\u00e9s multiples. Il y a, dans ses tableaux, autant de moments agit\u00e9s que de zones sourdes ou silencieuses.<\/p>\n<p>Ces formes isol\u00e9es ou parfois regroup\u00e9es les unes aux autres marquent une rupture avec la tradition classique. Ainsi ces oeuvres sont unies par un flot cr\u00e9atif et laissent l&#8217;impression qu&#8217;elles pourraient \u00eatre g\u00e9n\u00e9r\u00e9es \u00e0 l&#8217;infini.<\/p>\n<p>La peinture de Guerdy Jacques Preval a \u00e9t\u00e9 pr\u00e9sent\u00e9e dans de nombreuses expositions individuelles et collectives et dans plusieurs ouvrages d&#8217;art. L&#8217;artiste a re\u00e7u plusieurs prix, des bourses de soutien \u00e0 la cr\u00e9ation des deux paliers gouvernementaux : f\u00e9d\u00e9ral et provincial.<\/p>\n","protected":false},"excerpt":{"rendered":"<p>N\u00e9 \u00e0 Port-au-Prince, Guerdy Jacques Pr\u00e9val est l&#8217;un des plus grands artistes peintres ha\u00eftiens contemporains. Il a eu le privil\u00e8ge d&#8217;exposer ses \u0153uvres \u00e0 travers le monde, en particulier \u00e0 Hong Kong, Paris, Venise, Montr\u00e9al, Toronto, New York, Miami, Boston, Port-au-Prince et Lagos. Ses \u0153uvres ont fait l\u2019objet de plusieurs publications, notamment dans le guide [&hellip;]<\/p>\n","protected":false},"author":1,"featured_media":1057,"parent":786,"menu_order":0,"comment_status":"closed","ping_status":"closed","template":"","meta":{"nf_dc_page":"","footnotes":""},"class_list":["post-36","page","type-page","status-publish","has-post-thumbnail","hentry"],"jetpack_sharing_enabled":true,"_links":{"self":[{"href":"https:\/\/www.guerdypreval.com\/gallery\/wp-json\/wp\/v2\/pages\/36","targetHints":{"allow":["GET"]}}],"collection":[{"href":"https:\/\/www.guerdypreval.com\/gallery\/wp-json\/wp\/v2\/pages"}],"about":[{"href":"https:\/\/www.guerdypreval.com\/gallery\/wp-json\/wp\/v2\/types\/page"}],"author":[{"embeddable":true,"href":"https:\/\/www.guerdypreval.com\/gallery\/wp-json\/wp\/v2\/users\/1"}],"replies":[{"embeddable":true,"href":"https:\/\/www.guerdypreval.com\/gallery\/wp-json\/wp\/v2\/comments?post=36"}],"version-history":[{"count":4,"href":"https:\/\/www.guerdypreval.com\/gallery\/wp-json\/wp\/v2\/pages\/36\/revisions"}],"predecessor-version":[{"id":839,"href":"https:\/\/www.guerdypreval.com\/gallery\/wp-json\/wp\/v2\/pages\/36\/revisions\/839"}],"up":[{"embeddable":true,"href":"https:\/\/www.guerdypreval.com\/gallery\/wp-json\/wp\/v2\/pages\/786"}],"wp:featuredmedia":[{"embeddable":true,"href":"https:\/\/www.guerdypreval.com\/gallery\/wp-json\/wp\/v2\/media\/1057"}],"wp:attachment":[{"href":"https:\/\/www.guerdypreval.com\/gallery\/wp-json\/wp\/v2\/media?parent=36"}],"curies":[{"name":"wp","href":"https:\/\/api.w.org\/{rel}","templated":true}]}}