{"id":1079,"date":"2019-11-01T16:33:02","date_gmt":"2019-11-01T16:33:02","guid":{"rendered":"http:\/\/www.guerdypreval.com\/gallery\/?page_id=1079"},"modified":"2020-08-31T04:22:27","modified_gmt":"2020-08-31T04:22:27","slug":"exhibitions-bibliographies","status":"publish","type":"page","link":"https:\/\/www.guerdypreval.com\/gallery\/gallery-gallerie-2\/exhibitions-bibliographies\/","title":{"rendered":"Exhibitions-Bibliographies"},"content":{"rendered":"\n<h2 class=\"wp-block-heading\">Prizes and Awards<\/h2>\n\n\n\n<p>2001 Exhibition at the 49th edition of the <a href=\"http:\/\/en.wikipedia.org\/w\/index.php?title=Venice_Biennale_Contemporary_Arts&amp;action=edit&amp;redlink=1\">Venice Biennale Contemporary Arts<\/a><\/p>\n\n\n\n<p>1980&nbsp; The only contemporary artist who exhibited his works at Place Royale, Quebec, Canada<br>1976 Second Winner at &#8220;Gouverneurs de la Ros\u00e9e&#8221; Concours, Port-au-Prince, Ha\u00efti<\/p>\n\n\n\n<h2 class=\"wp-block-heading\">Exhibitions<\/h2>\n\n\n\n<ul class=\"wp-block-list\"><li><strong>Some Personal Exhibitions<\/strong><\/li><\/ul>\n\n\n\n<p>2003 &#8220;<strong><em>Entretien<\/em><\/strong>&#8220;, Gallery Entre-Cadre (Montreal, Canada)<br>1995 &#8220;<strong><em>Peinture en extase<\/em><\/strong>&#8220;, Gallery Entre-Cadre (Montreal, Canada)<br>1994 &#8220;<strong><em>Souvenirs ankylos\u00e9s<\/em><\/strong>&#8220;, Gallery Entre-Cadre (Montreal, Canada)<br>1990 &#8220;<em><strong>Nuances<\/strong><\/em>&#8220;, French Institute (Port-au-Prince, Ha\u00efti)<br>1985 &#8220;<strong><em>La Ataranza<\/em><\/strong>&#8221; (Santo Domingo, Dominican Republic)<br>1980 Place Royale, Quebec, Canada<br>1980 &#8220;<strong><em>Haiti-Diaspora<\/em><\/strong>&#8220;, Quebec University in Montreal (Montreal, Canada)<br>1979 Complexe Desjardins (Montreal, Canada)<br>1974 Mont-Tremblant (Quebec, Canada)<br>1972 Ath\u00e9n\u00e9e Studio Art (Port-au-Prince, Ha\u00efti)<br>1969 Acad\u00e9mie des Beaux-Arts (Port-au-Prince, Ha\u00efti)<\/p>\n\n\n\n<h2 class=\"wp-block-heading\">&nbsp;<strong>Some Collective Exhibitions<\/strong><\/h2>\n\n\n\n<p>2005 Art Off the Main, Puck Building (New York, USA)<br>2004 Art Off the Main, Puck Building (New York, USA)<br>2004 Bank Street College of Education (New York, USA)<br>2001 49th edition of the Venice Biennale Contemporary Arts (Venice, Italy)<br>2001 &#8220;<strong><em>Voodoo&#8217;s Painters<\/em><\/strong>&#8220;, Istituto Italo-Latino-Americano (Rome, Italy)<br>2000 Bergeron Gallery (Ottawa, Canada)<br>1999 Gallerie Carmel (Ottawa, Canada)<br>1989 &#8220;<strong><em>Festival Gallery<\/em><\/strong>&#8221; (Ha\u00efti)<br>1987 &#8220;<strong><em>Contemporary Art at the Grand Palais<\/em><\/strong>&#8221; (Paris, France)<br>1986 UNESCO (New York, USA)<br>1983 International Festival of Arts (Montreal, Canada)<br>1977 Lee Garden (Hong Kong, China)<br>1976 United Nations (New York, USA)<br>1976 &#8220;<strong><em>Gouverneurs de la Ros\u00e9e<\/em><\/strong>&#8221; Concours, Galerie Nader (Port-au-Prince, Haiti)<br>1975 Columbia University\u2019s &#8220;<strong><em>New York World Fair<\/em><\/strong>&#8221; (New York, USA)<br>1969 Acad\u00e9mie des Beaux-Arts (Port-au-Prince, Haiti)<\/p>\n\n\n\n<h2 class=\"wp-block-heading\">Bibliographie<\/h2>\n\n\n\n<p>BLONCOURT, GERALD and MARIE-JOSE NADAL-GARDERE.<br><strong><em>La Peinture Haitienne \/ Haitian Arts.<\/em><\/strong><br>Paris: Editions Nathan, 1986. 208pp.<\/p>\n\n\n\n<p>LEREBOURS, MICHEL PHILIPPE.<br><strong><em>Ha\u00efti et ses peintres de 1804 \u00e0 nos jours: souffrances et espoirs d&#8217;un peuple.<\/em><\/strong><br>Port-au-Prince (Haiti): Imprimeur II, 1989.<\/p>\n\n\n\n<p>PARIS (France). Galeries nationales du Grand Palais.<br><strong><em>Art Contemporain au Grand Palais.<\/em><\/strong> 1987.<br>Group exhibition. Included: Guerdy Pr\u00e9val.<\/p>\n\n\n\n<p><strong>Guide Vall\u00e9e<\/strong><em>&nbsp;: Biographies et cotes de 1000 artistes<\/em>, \u00e9dition II, F\u00e9lix Vall\u00e9e \u00e9diteur, Montr\u00e9al, 1989.<\/p>\n\n\n\n<p><strong>Guide Vall\u00e9e&nbsp;<\/strong><em>: Biographies et cotes de 1570 artistes<\/em>, \u00e9dition III, F\u00e9lix Vall\u00e9e \u00e9diteur, Montr\u00e9al, 1993.<\/p>\n\n\n\n<p>PORT-AU-PRINCE (Haiti). Galerie Nader.<br><em><strong>Gouverneurs de la Ros\u00e9e.<\/strong><\/em> 1976.<br>Group exhibition. Included: Guerdy J. Pr\u00e9val.<\/p>\n\n\n\n<p>ROME (Italy). Instituto Italo-Latino-Americano.<br><strong><em>Voodoo&#8217;s Painters.<\/em><\/strong> 2001.<br>Group exhibition. Included: Guerdy J. Pr\u00e9val.<\/p>\n","protected":false},"excerpt":{"rendered":"<p>Prizes and Awards 2001 Exhibition at the 49th edition of the Venice Biennale Contemporary Arts 1980&nbsp; The only contemporary artist who exhibited his works at Place Royale, Quebec, Canada1976 Second Winner at &#8220;Gouverneurs de la Ros\u00e9e&#8221; Concours, Port-au-Prince, Ha\u00efti Exhibitions Some Personal Exhibitions 2003 &#8220;Entretien&#8220;, Gallery Entre-Cadre (Montreal, Canada)1995 &#8220;Peinture en extase&#8220;, Gallery Entre-Cadre (Montreal, [&hellip;]<\/p>\n","protected":false},"author":1,"featured_media":1055,"parent":19,"menu_order":0,"comment_status":"closed","ping_status":"closed","template":"","meta":{"nf_dc_page":"","footnotes":""},"class_list":["post-1079","page","type-page","status-publish","has-post-thumbnail","hentry"],"jetpack_sharing_enabled":true,"_links":{"self":[{"href":"https:\/\/www.guerdypreval.com\/gallery\/wp-json\/wp\/v2\/pages\/1079","targetHints":{"allow":["GET"]}}],"collection":[{"href":"https:\/\/www.guerdypreval.com\/gallery\/wp-json\/wp\/v2\/pages"}],"about":[{"href":"https:\/\/www.guerdypreval.com\/gallery\/wp-json\/wp\/v2\/types\/page"}],"author":[{"embeddable":true,"href":"https:\/\/www.guerdypreval.com\/gallery\/wp-json\/wp\/v2\/users\/1"}],"replies":[{"embeddable":true,"href":"https:\/\/www.guerdypreval.com\/gallery\/wp-json\/wp\/v2\/comments?post=1079"}],"version-history":[{"count":3,"href":"https:\/\/www.guerdypreval.com\/gallery\/wp-json\/wp\/v2\/pages\/1079\/revisions"}],"predecessor-version":[{"id":1084,"href":"https:\/\/www.guerdypreval.com\/gallery\/wp-json\/wp\/v2\/pages\/1079\/revisions\/1084"}],"up":[{"embeddable":true,"href":"https:\/\/www.guerdypreval.com\/gallery\/wp-json\/wp\/v2\/pages\/19"}],"wp:featuredmedia":[{"embeddable":true,"href":"https:\/\/www.guerdypreval.com\/gallery\/wp-json\/wp\/v2\/media\/1055"}],"wp:attachment":[{"href":"https:\/\/www.guerdypreval.com\/gallery\/wp-json\/wp\/v2\/media?parent=1079"}],"curies":[{"name":"wp","href":"https:\/\/api.w.org\/{rel}","templated":true}]}}